{"id":1050,"date":"2024-02-03T09:28:34","date_gmt":"2024-02-03T09:28:34","guid":{"rendered":"https:\/\/www.ujpestinyelviskola.hu\/webshop\/?post_type=product&#038;p=1050"},"modified":"2025-08-27T20:08:57","modified_gmt":"2025-08-27T20:08:57","slug":"kids-club-eves-regisztracios-dij","status":"publish","type":"product","link":"https:\/\/www.ujpestinyelviskola.hu\/webshop\/termek\/kids-club-eves-regisztracios-dij\/","title":{"rendered":"Kids Club \u00e9ves regisztr\u00e1ci\u00f3s d\u00edj"},"content":{"rendered":"<p>Kids Club \u00e9ves regisztr\u00e1ci\u00f3s d\u00edj<\/p>\n","protected":false},"excerpt":{"rendered":"<p>Kids Club \u00e9ves regisztr\u00e1ci\u00f3s d\u00edj<\/p>\n","protected":false},"featured_media":1090,"template":"","meta":[],"product_brand":[],"product_cat":[67],"product_tag":[],"class_list":{"0":"post-1050","1":"product","2":"type-product","3":"status-publish","4":"has-post-thumbnail","6":"product_cat-regisztracios-dij","7":"wpbf-post","10":"instock","11":"virtual","12":"taxable","13":"purchasable","14":"product-type-simple"},"aioseo_notices":[],"_links":{"self":[{"href":"https:\/\/www.ujpestinyelviskola.hu\/webshop\/wp-json\/wp\/v2\/product\/1050","targetHints":{"allow":["GET"]}}],"collection":[{"href":"https:\/\/www.ujpestinyelviskola.hu\/webshop\/wp-json\/wp\/v2\/product"}],"about":[{"href":"https:\/\/www.ujpestinyelviskola.hu\/webshop\/wp-json\/wp\/v2\/types\/product"}],"wp:featuredmedia":[{"embeddable":true,"href":"https:\/\/www.ujpestinyelviskola.hu\/webshop\/wp-json\/wp\/v2\/media\/1090"}],"wp:attachment":[{"href":"https:\/\/www.ujpestinyelviskola.hu\/webshop\/wp-json\/wp\/v2\/media?parent=1050"}],"wp:term":[{"taxonomy":"product_brand","embeddable":true,"href":"https:\/\/www.ujpestinyelviskola.hu\/webshop\/wp-json\/wp\/v2\/product_brand?post=1050"},{"taxonomy":"product_cat","embeddable":true,"href":"https:\/\/www.ujpestinyelviskola.hu\/webshop\/wp-json\/wp\/v2\/product_cat?post=1050"},{"taxonomy":"product_tag","embeddable":true,"href":"https:\/\/www.ujpestinyelviskola.hu\/webshop\/wp-json\/wp\/v2\/product_tag?post=1050"}],"curies":[{"name":"wp","href":"https:\/\/api.w.org\/{rel}","templated":true}]}}