{"id":1100,"date":"2024-03-04T15:28:14","date_gmt":"2024-03-04T15:28:14","guid":{"rendered":"https:\/\/www.ujpestinyelviskola.hu\/webshop\/?post_type=product&#038;p=1100"},"modified":"2026-03-06T23:37:11","modified_gmt":"2026-03-06T22:37:11","slug":"nyari-junior-angol-tabor","status":"publish","type":"product","link":"https:\/\/www.ujpestinyelviskola.hu\/webshop\/termek\/nyari-junior-angol-tabor\/","title":{"rendered":"Teens Club ny\u00e1ri junior angol t\u00e1bor"},"content":{"rendered":"<p>Teens Club &#8211; ny\u00e1ri junior angol t\u00e1bor<\/p>\n","protected":false},"excerpt":{"rendered":"<p>Ny\u00e1ri junior angol t\u00e1bor d\u00edja \u00e9tkez\u00e9s n\u00e9lk\u00fcl<\/p>\n","protected":false},"featured_media":78,"template":"","meta":[],"product_brand":[],"product_cat":[62],"product_tag":[],"class_list":{"0":"post-1100","1":"product","2":"type-product","3":"status-publish","4":"has-post-thumbnail","6":"product_cat-nyari-taborok","7":"wpbf-post","10":"instock","11":"virtual","12":"taxable","13":"purchasable","14":"product-type-simple"},"aioseo_notices":[],"_links":{"self":[{"href":"https:\/\/www.ujpestinyelviskola.hu\/webshop\/wp-json\/wp\/v2\/product\/1100","targetHints":{"allow":["GET"]}}],"collection":[{"href":"https:\/\/www.ujpestinyelviskola.hu\/webshop\/wp-json\/wp\/v2\/product"}],"about":[{"href":"https:\/\/www.ujpestinyelviskola.hu\/webshop\/wp-json\/wp\/v2\/types\/product"}],"wp:featuredmedia":[{"embeddable":true,"href":"https:\/\/www.ujpestinyelviskola.hu\/webshop\/wp-json\/wp\/v2\/media\/78"}],"wp:attachment":[{"href":"https:\/\/www.ujpestinyelviskola.hu\/webshop\/wp-json\/wp\/v2\/media?parent=1100"}],"wp:term":[{"taxonomy":"product_brand","embeddable":true,"href":"https:\/\/www.ujpestinyelviskola.hu\/webshop\/wp-json\/wp\/v2\/product_brand?post=1100"},{"taxonomy":"product_cat","embeddable":true,"href":"https:\/\/www.ujpestinyelviskola.hu\/webshop\/wp-json\/wp\/v2\/product_cat?post=1100"},{"taxonomy":"product_tag","embeddable":true,"href":"https:\/\/www.ujpestinyelviskola.hu\/webshop\/wp-json\/wp\/v2\/product_tag?post=1100"}],"curies":[{"name":"wp","href":"https:\/\/api.w.org\/{rel}","templated":true}]}}