{"id":1855,"date":"2026-02-25T20:16:13","date_gmt":"2026-02-25T20:16:13","guid":{"rendered":"https:\/\/www.ujpestinyelviskola.hu\/webshop\/?post_type=product&#038;p=1855"},"modified":"2026-04-12T17:59:58","modified_gmt":"2026-04-12T15:59:58","slug":"tabori-eloleg","status":"publish","type":"product","link":"https:\/\/www.ujpestinyelviskola.hu\/webshop\/termek\/tabori-eloleg\/","title":{"rendered":"T\u00e1bori el\u0151leg"},"content":{"rendered":"<p>Kids Club ny\u00e1ri t\u00e1bori d\u00edj &#8211; el\u0151leg<\/p>\n","protected":false},"excerpt":{"rendered":"<p>Kids Club ny\u00e1ri t\u00e1bori d\u00edj &#8211; el\u0151leg<\/p>\n","protected":false},"featured_media":1090,"template":"","meta":[],"product_brand":[],"product_cat":[62],"product_tag":[],"class_list":{"0":"post-1855","1":"product","2":"type-product","3":"status-publish","4":"has-post-thumbnail","6":"product_cat-nyari-taborok","7":"wpbf-post","10":"instock","11":"taxable","12":"shipping-taxable","13":"purchasable","14":"product-type-simple"},"aioseo_notices":[],"_links":{"self":[{"href":"https:\/\/www.ujpestinyelviskola.hu\/webshop\/wp-json\/wp\/v2\/product\/1855","targetHints":{"allow":["GET"]}}],"collection":[{"href":"https:\/\/www.ujpestinyelviskola.hu\/webshop\/wp-json\/wp\/v2\/product"}],"about":[{"href":"https:\/\/www.ujpestinyelviskola.hu\/webshop\/wp-json\/wp\/v2\/types\/product"}],"wp:featuredmedia":[{"embeddable":true,"href":"https:\/\/www.ujpestinyelviskola.hu\/webshop\/wp-json\/wp\/v2\/media\/1090"}],"wp:attachment":[{"href":"https:\/\/www.ujpestinyelviskola.hu\/webshop\/wp-json\/wp\/v2\/media?parent=1855"}],"wp:term":[{"taxonomy":"product_brand","embeddable":true,"href":"https:\/\/www.ujpestinyelviskola.hu\/webshop\/wp-json\/wp\/v2\/product_brand?post=1855"},{"taxonomy":"product_cat","embeddable":true,"href":"https:\/\/www.ujpestinyelviskola.hu\/webshop\/wp-json\/wp\/v2\/product_cat?post=1855"},{"taxonomy":"product_tag","embeddable":true,"href":"https:\/\/www.ujpestinyelviskola.hu\/webshop\/wp-json\/wp\/v2\/product_tag?post=1855"}],"curies":[{"name":"wp","href":"https:\/\/api.w.org\/{rel}","templated":true}]}}