{"id":1859,"date":"2026-03-02T19:41:31","date_gmt":"2026-03-02T19:41:31","guid":{"rendered":"https:\/\/www.ujpestinyelviskola.hu\/webshop\/?post_type=product&#038;p=1859"},"modified":"2026-04-12T17:58:42","modified_gmt":"2026-04-12T15:58:42","slug":"tabori-dij-2-reszlet","status":"publish","type":"product","link":"https:\/\/www.ujpestinyelviskola.hu\/webshop\/termek\/tabori-dij-2-reszlet\/","title":{"rendered":"T\u00e1bori d\u00edj 2. r\u00e9szlet"},"content":{"rendered":"<p>Kids Club ny\u00e1ri t\u00e1bori d\u00edj &#8211; 2. r\u00e9szlet<\/p>\n","protected":false},"excerpt":{"rendered":"<p>Kids Club ny\u00e1ri t\u00e1bori d\u00edj &#8211; 2. r\u00e9szlet<\/p>\n","protected":false},"featured_media":1090,"template":"","meta":[],"product_brand":[],"product_cat":[62],"product_tag":[],"class_list":{"0":"post-1859","1":"product","2":"type-product","3":"status-publish","4":"has-post-thumbnail","6":"product_cat-nyari-taborok","7":"wpbf-post","10":"instock","11":"taxable","12":"shipping-taxable","13":"purchasable","14":"product-type-simple"},"aioseo_notices":[],"_links":{"self":[{"href":"https:\/\/www.ujpestinyelviskola.hu\/webshop\/wp-json\/wp\/v2\/product\/1859","targetHints":{"allow":["GET"]}}],"collection":[{"href":"https:\/\/www.ujpestinyelviskola.hu\/webshop\/wp-json\/wp\/v2\/product"}],"about":[{"href":"https:\/\/www.ujpestinyelviskola.hu\/webshop\/wp-json\/wp\/v2\/types\/product"}],"wp:featuredmedia":[{"embeddable":true,"href":"https:\/\/www.ujpestinyelviskola.hu\/webshop\/wp-json\/wp\/v2\/media\/1090"}],"wp:attachment":[{"href":"https:\/\/www.ujpestinyelviskola.hu\/webshop\/wp-json\/wp\/v2\/media?parent=1859"}],"wp:term":[{"taxonomy":"product_brand","embeddable":true,"href":"https:\/\/www.ujpestinyelviskola.hu\/webshop\/wp-json\/wp\/v2\/product_brand?post=1859"},{"taxonomy":"product_cat","embeddable":true,"href":"https:\/\/www.ujpestinyelviskola.hu\/webshop\/wp-json\/wp\/v2\/product_cat?post=1859"},{"taxonomy":"product_tag","embeddable":true,"href":"https:\/\/www.ujpestinyelviskola.hu\/webshop\/wp-json\/wp\/v2\/product_tag?post=1859"}],"curies":[{"name":"wp","href":"https:\/\/api.w.org\/{rel}","templated":true}]}}