{"id":425,"date":"2023-11-05T08:11:35","date_gmt":"2023-11-05T08:11:35","guid":{"rendered":"https:\/\/www.ujpestinyelviskola.hu\/webshop\/?post_type=product&#038;p=425"},"modified":"2025-09-09T12:59:43","modified_gmt":"2025-09-09T12:59:43","slug":"kids-club-angol-foglalkozas-angol","status":"publish","type":"product","link":"https:\/\/www.ujpestinyelviskola.hu\/webshop\/termek\/kids-club-angol-foglalkozas-angol\/","title":{"rendered":"Kids Club angol foglalkoz\u00e1s"},"content":{"rendered":"","protected":false},"excerpt":{"rendered":"<p>Kids Club angol foglalkoz\u00e1s\u00a0 &#8211; 10 hetes<\/p>\n<p><strong>Ha egyidej\u0171leg a testv\u00e9r is jelentkezik a tanfolyamunkra, a testv\u00e9r tand\u00edj\u00e1b\u00f3l 15% kedvezm\u00e9nyt biztos\u00edtunk.<br \/>\nEhhez k\u00e9rj\u00fck adja meg a testv\u00e9r nev\u00e9t:<\/strong><\/p>\n","protected":false},"featured_media":1090,"template":"","meta":[],"product_brand":[],"product_cat":[20],"product_tag":[],"class_list":{"0":"post-425","1":"product","2":"type-product","3":"status-publish","4":"has-post-thumbnail","6":"product_cat-angol-nyelvtanfolyamok","7":"wpbf-post","10":"instock","11":"virtual","12":"taxable","13":"purchasable","14":"product-type-simple"},"aioseo_notices":[],"_links":{"self":[{"href":"https:\/\/www.ujpestinyelviskola.hu\/webshop\/wp-json\/wp\/v2\/product\/425","targetHints":{"allow":["GET"]}}],"collection":[{"href":"https:\/\/www.ujpestinyelviskola.hu\/webshop\/wp-json\/wp\/v2\/product"}],"about":[{"href":"https:\/\/www.ujpestinyelviskola.hu\/webshop\/wp-json\/wp\/v2\/types\/product"}],"wp:featuredmedia":[{"embeddable":true,"href":"https:\/\/www.ujpestinyelviskola.hu\/webshop\/wp-json\/wp\/v2\/media\/1090"}],"wp:attachment":[{"href":"https:\/\/www.ujpestinyelviskola.hu\/webshop\/wp-json\/wp\/v2\/media?parent=425"}],"wp:term":[{"taxonomy":"product_brand","embeddable":true,"href":"https:\/\/www.ujpestinyelviskola.hu\/webshop\/wp-json\/wp\/v2\/product_brand?post=425"},{"taxonomy":"product_cat","embeddable":true,"href":"https:\/\/www.ujpestinyelviskola.hu\/webshop\/wp-json\/wp\/v2\/product_cat?post=425"},{"taxonomy":"product_tag","embeddable":true,"href":"https:\/\/www.ujpestinyelviskola.hu\/webshop\/wp-json\/wp\/v2\/product_tag?post=425"}],"curies":[{"name":"wp","href":"https:\/\/api.w.org\/{rel}","templated":true}]}}